{"id":1571,"date":"2021-10-24T12:56:35","date_gmt":"2021-10-24T17:56:35","guid":{"rendered":"https:\/\/clinicapsicologicacucuta.com\/?page_id=1571"},"modified":"2021-11-23T08:34:12","modified_gmt":"2021-11-23T13:34:12","slug":"depresion-infatil","status":"publish","type":"page","link":"https:\/\/clinicapsicologicacucuta.com\/index.php\/depresion-infatil\/","title":{"rendered":"Depresi\u00f3n Infantil"},"content":{"rendered":"\t\t<div data-elementor-type=\"wp-page\" data-elementor-id=\"1571\" class=\"elementor elementor-1571\" data-elementor-settings=\"[]\">\n\t\t\t\t\t\t\t<div class=\"elementor-section-wrap\">\n\t\t\t\t\t\t\t<section class=\"elementor-section elementor-top-section elementor-element elementor-element-e6mvtvz elementor-section-content-middle elementor-section-boxed elementor-section-height-default elementor-section-height-default\" data-id=\"e6mvtvz\" data-element_type=\"section\" data-settings=\"{&quot;background_background&quot;:&quot;classic&quot;}\">\n\t\t\t\t\t\t\t<div class=\"elementor-background-overlay\"><\/div>\n\t\t\t\t\t\t\t<div class=\"elementor-container elementor-column-gap-no\">\n\t\t\t\t\t<div class=\"elementor-column elementor-col-100 elementor-top-column elementor-element elementor-element-b1952b1\" data-id=\"b1952b1\" data-element_type=\"column\">\n\t\t\t<div class=\"elementor-widget-wrap elementor-element-populated\">\n\t\t\t\t\t\t\t\t<div class=\"elementor-element elementor-element-03b93f0 elementor-widget elementor-widget-heading\" data-id=\"03b93f0\" data-element_type=\"widget\" data-widget_type=\"heading.default\">\n\t\t\t\t<div class=\"elementor-widget-container\">\n\t\t\t<h1 class=\"elementor-heading-title elementor-size-default\">Depresi\u00f3n Infantil<\/h1>\t\t<\/div>\n\t\t\t\t<\/div>\n\t\t\t\t\t<\/div>\n\t\t<\/div>\n\t\t\t\t\t\t\t<\/div>\n\t\t<\/section>\n\t\t\t\t<section class=\"elementor-section elementor-top-section elementor-element elementor-element-yfib2eg elementor-section-full_width elementor-section-height-default elementor-section-height-default\" data-id=\"yfib2eg\" data-element_type=\"section\">\n\t\t\t\t\t\t<div class=\"elementor-container elementor-column-gap-default\">\n\t\t\t\t\t<div class=\"elementor-column elementor-col-100 elementor-top-column elementor-element elementor-element-997bde8\" data-id=\"997bde8\" data-element_type=\"column\" data-settings=\"{&quot;background_background&quot;:&quot;classic&quot;}\">\n\t\t\t<div class=\"elementor-widget-wrap elementor-element-populated\">\n\t\t\t\t\t\t\t\t<section class=\"elementor-section elementor-inner-section elementor-element elementor-element-83b3443 elementor-section-full_width elementor-section-content-middle elementor-section-height-default elementor-section-height-default\" data-id=\"83b3443\" data-element_type=\"section\">\n\t\t\t\t\t\t<div class=\"elementor-container elementor-column-gap-no\">\n\t\t\t\t\t<div class=\"elementor-column elementor-col-50 elementor-inner-column elementor-element elementor-element-fe6e6ed\" data-id=\"fe6e6ed\" data-element_type=\"column\" data-settings=\"{&quot;background_background&quot;:&quot;classic&quot;}\">\n\t\t\t<div class=\"elementor-widget-wrap elementor-element-populated\">\n\t\t\t\t\t\t\t\t<div class=\"elementor-element elementor-element-2a5a40c elementor-widget-divider--view-line elementor-widget elementor-widget-divider\" data-id=\"2a5a40c\" data-element_type=\"widget\" data-widget_type=\"divider.default\">\n\t\t\t\t<div class=\"elementor-widget-container\">\n\t\t\t\t\t<div class=\"elementor-divider\">\n\t\t\t<span class=\"elementor-divider-separator\">\n\t\t\t\t\t\t<\/span>\n\t\t<\/div>\n\t\t\t\t<\/div>\n\t\t\t\t<\/div>\n\t\t\t\t<div class=\"elementor-element elementor-element-ccb1e63 elementor-widget elementor-widget-heading\" data-id=\"ccb1e63\" data-element_type=\"widget\" data-widget_type=\"heading.default\">\n\t\t\t\t<div class=\"elementor-widget-container\">\n\t\t\t<h2 class=\"elementor-heading-title elementor-size-default\">Depresi\u00f3n Infantil<\/h2>\t\t<\/div>\n\t\t\t\t<\/div>\n\t\t\t\t<div class=\"elementor-element elementor-element-653f0c9 elementor-widget elementor-widget-text-editor\" data-id=\"653f0c9\" data-element_type=\"widget\" data-widget_type=\"text-editor.default\">\n\t\t\t\t<div class=\"elementor-widget-container\">\n\t\t\t\t\t\t\t<ul><li>Aparece, de forma brusca, un cambio importante en el comportamiento del ni\u00f1o respecto a c\u00f3mo era hasta ese momento. El ni\u00f1o se muestra: triste, sin inter\u00e9s, con ansiedad, agitado, con dificultades de concentraci\u00f3n, con frases negativas sobre s\u00ed mismo, p\u00e9rdida de apetito\u2026o bien se esconde tras otros s\u00edntomas no tan claramente identificables con un estado depresivo (equivalentes depresivos)<\/li><\/ul>\t\t\t\t\t\t<\/div>\n\t\t\t\t<\/div>\n\t\t\t\t\t<\/div>\n\t\t<\/div>\n\t\t\t\t<div class=\"elementor-column elementor-col-50 elementor-inner-column elementor-element elementor-element-7b5ea60\" data-id=\"7b5ea60\" data-element_type=\"column\" data-settings=\"{&quot;background_background&quot;:&quot;classic&quot;}\">\n\t\t\t<div class=\"elementor-widget-wrap elementor-element-populated\">\n\t\t\t\t\t<div class=\"elementor-background-overlay\"><\/div>\n\t\t\t\t\t\t\t\t<div class=\"elementor-element elementor-element-3446adf elementor-widget elementor-widget-image\" data-id=\"3446adf\" data-element_type=\"widget\" data-widget_type=\"image.default\">\n\t\t\t\t<div class=\"elementor-widget-container\">\n\t\t\t\t\t\t\t\t\t\t\t\t\t\t\t<img loading=\"lazy\" decoding=\"async\" width=\"1024\" height=\"683\" src=\"https:\/\/clinicapsicologicacucuta.com\/wp-content\/uploads\/2021\/10\/pexels-rodnae-productions-6936342nu-1024x683.jpg\" class=\"attachment-large size-large\" alt=\"\" srcset=\"https:\/\/clinicapsicologicacucuta.com\/wp-content\/uploads\/2021\/10\/pexels-rodnae-productions-6936342nu-1024x683.jpg 1024w, https:\/\/clinicapsicologicacucuta.com\/wp-content\/uploads\/2021\/10\/pexels-rodnae-productions-6936342nu-300x200.jpg 300w, https:\/\/clinicapsicologicacucuta.com\/wp-content\/uploads\/2021\/10\/pexels-rodnae-productions-6936342nu-768x512.jpg 768w, https:\/\/clinicapsicologicacucuta.com\/wp-content\/uploads\/2021\/10\/pexels-rodnae-productions-6936342nu-1536x1024.jpg 1536w, https:\/\/clinicapsicologicacucuta.com\/wp-content\/uploads\/2021\/10\/pexels-rodnae-productions-6936342nu-600x400.jpg 600w, https:\/\/clinicapsicologicacucuta.com\/wp-content\/uploads\/2021\/10\/pexels-rodnae-productions-6936342nu.jpg 2016w\" sizes=\"auto, (max-width: 1024px) 100vw, 1024px\" \/>\t\t\t\t\t\t\t\t\t\t\t\t\t\t\t<\/div>\n\t\t\t\t<\/div>\n\t\t\t\t\t<\/div>\n\t\t<\/div>\n\t\t\t\t\t\t\t<\/div>\n\t\t<\/section>\n\t\t\t\t\t<\/div>\n\t\t<\/div>\n\t\t\t\t\t\t\t<\/div>\n\t\t<\/section>\n\t\t\t\t<section class=\"elementor-section elementor-top-section elementor-element elementor-element-4bpequb elementor-section-boxed elementor-section-height-default elementor-section-height-default\" data-id=\"4bpequb\" data-element_type=\"section\" data-settings=\"{&quot;background_background&quot;:&quot;classic&quot;}\">\n\t\t\t\t\t\t\t<div class=\"elementor-background-overlay\"><\/div>\n\t\t\t\t\t\t\t<div class=\"elementor-container elementor-column-gap-no\">\n\t\t\t\t\t<div class=\"elementor-column elementor-col-100 elementor-top-column elementor-element elementor-element-a5fd6c9\" data-id=\"a5fd6c9\" data-element_type=\"column\">\n\t\t\t<div class=\"elementor-widget-wrap elementor-element-populated\">\n\t\t\t\t\t\t\t\t<section class=\"elementor-section elementor-inner-section elementor-element elementor-element-a303f5d elementor-section-boxed elementor-section-height-default elementor-section-height-default\" data-id=\"a303f5d\" data-element_type=\"section\">\n\t\t\t\t\t\t<div class=\"elementor-container elementor-column-gap-no\">\n\t\t\t\t\t<div class=\"elementor-column elementor-col-33 elementor-inner-column elementor-element elementor-element-e73edb7\" data-id=\"e73edb7\" data-element_type=\"column\">\n\t\t\t<div class=\"elementor-widget-wrap\">\n\t\t\t\t\t\t\t\t\t<\/div>\n\t\t<\/div>\n\t\t\t\t<div class=\"elementor-column elementor-col-33 elementor-inner-column elementor-element elementor-element-3e8cc37\" data-id=\"3e8cc37\" data-element_type=\"column\" data-settings=\"{&quot;background_background&quot;:&quot;classic&quot;}\">\n\t\t\t<div class=\"elementor-widget-wrap elementor-element-populated\">\n\t\t\t\t\t\t\t\t<div class=\"elementor-element elementor-element-f901c0f elementor-widget-divider--view-line elementor-widget elementor-widget-divider\" data-id=\"f901c0f\" data-element_type=\"widget\" data-widget_type=\"divider.default\">\n\t\t\t\t<div class=\"elementor-widget-container\">\n\t\t\t\t\t<div class=\"elementor-divider\">\n\t\t\t<span class=\"elementor-divider-separator\">\n\t\t\t\t\t\t<\/span>\n\t\t<\/div>\n\t\t\t\t<\/div>\n\t\t\t\t<\/div>\n\t\t\t\t<div class=\"elementor-element elementor-element-5258264 elementor-widget elementor-widget-heading\" data-id=\"5258264\" data-element_type=\"widget\" data-widget_type=\"heading.default\">\n\t\t\t\t<div class=\"elementor-widget-container\">\n\t\t\t<h2 class=\"elementor-heading-title elementor-size-default\">Contactanos<\/h2>\t\t<\/div>\n\t\t\t\t<\/div>\n\t\t\t\t<div class=\"elementor-element elementor-element-ffab11b elementor-shape-rounded elementor-grid-0 e-grid-align-center elementor-widget elementor-widget-social-icons\" data-id=\"ffab11b\" data-element_type=\"widget\" data-widget_type=\"social-icons.default\">\n\t\t\t\t<div class=\"elementor-widget-container\">\n\t\t\t\t\t<div class=\"elementor-social-icons-wrapper elementor-grid\">\n\t\t\t\t\t\t\t<span class=\"elementor-grid-item\">\n\t\t\t\t\t<a class=\"elementor-icon elementor-social-icon elementor-social-icon-facebook-f elementor-repeater-item-9e740e1\" href=\"https:\/\/facebook.com\/clinicapsicologicacucuta\">\n\t\t\t\t\t\t<span class=\"elementor-screen-only\">Facebook-f<\/span>\n\t\t\t\t\t\t<i class=\"fab fa-facebook-f\"><\/i>\t\t\t\t\t<\/a>\n\t\t\t\t<\/span>\n\t\t\t\t\t\t\t<span class=\"elementor-grid-item\">\n\t\t\t\t\t<a class=\"elementor-icon elementor-social-icon elementor-social-icon-instagram elementor-repeater-item-65ca331\" href=\"https:\/\/instagram.com\/clinicapsicologicacucuta\">\n\t\t\t\t\t\t<span class=\"elementor-screen-only\">Instagram<\/span>\n\t\t\t\t\t\t<i class=\"fab fa-instagram\"><\/i>\t\t\t\t\t<\/a>\n\t\t\t\t<\/span>\n\t\t\t\t\t\t\t<span class=\"elementor-grid-item\">\n\t\t\t\t\t<a class=\"elementor-icon elementor-social-icon elementor-social-icon-whatsapp elementor-repeater-item-525c1b1\">\n\t\t\t\t\t\t<span class=\"elementor-screen-only\">Whatsapp<\/span>\n\t\t\t\t\t\t<i class=\"fab fa-whatsapp\"><\/i>\t\t\t\t\t<\/a>\n\t\t\t\t<\/span>\n\t\t\t\t\t<\/div>\n\t\t\t\t<\/div>\n\t\t\t\t<\/div>\n\t\t\t\t\t<\/div>\n\t\t<\/div>\n\t\t\t\t<div class=\"elementor-column elementor-col-33 elementor-inner-column elementor-element elementor-element-45d9c5b\" data-id=\"45d9c5b\" data-element_type=\"column\">\n\t\t\t<div class=\"elementor-widget-wrap\">\n\t\t\t\t\t\t\t\t\t<\/div>\n\t\t<\/div>\n\t\t\t\t\t\t\t<\/div>\n\t\t<\/section>\n\t\t\t\t\t<\/div>\n\t\t<\/div>\n\t\t\t\t\t\t\t<\/div>\n\t\t<\/section>\n\t\t\t\t\t\t<\/div>\n\t\t\t\t\t<\/div>\n\t\t","protected":false},"excerpt":{"rendered":"<p>Depresi\u00f3n Infantil Depresi\u00f3n Infantil Aparece, de forma brusca, un cambio importante en el comportamiento del ni\u00f1o respecto a c\u00f3mo era hasta ese momento. El ni\u00f1o se muestra: triste, sin inter\u00e9s,<\/p>\n<p><a href=\"https:\/\/clinicapsicologicacucuta.com\/index.php\/depresion-infatil\/\" class=\"more-link\">Continue reading<span class=\"screen-reader-text\">Depresi\u00f3n Infantil<\/span><\/a><\/p>\n","protected":false},"author":1,"featured_media":0,"parent":0,"menu_order":0,"comment_status":"closed","ping_status":"closed","template":"page-templates\/pagebuilder.php","meta":{"footnotes":""},"class_list":["post-1571","page","type-page","status-publish","hentry"],"_links":{"self":[{"href":"https:\/\/clinicapsicologicacucuta.com\/index.php\/wp-json\/wp\/v2\/pages\/1571","targetHints":{"allow":["GET"]}}],"collection":[{"href":"https:\/\/clinicapsicologicacucuta.com\/index.php\/wp-json\/wp\/v2\/pages"}],"about":[{"href":"https:\/\/clinicapsicologicacucuta.com\/index.php\/wp-json\/wp\/v2\/types\/page"}],"author":[{"embeddable":true,"href":"https:\/\/clinicapsicologicacucuta.com\/index.php\/wp-json\/wp\/v2\/users\/1"}],"replies":[{"embeddable":true,"href":"https:\/\/clinicapsicologicacucuta.com\/index.php\/wp-json\/wp\/v2\/comments?post=1571"}],"version-history":[{"count":11,"href":"https:\/\/clinicapsicologicacucuta.com\/index.php\/wp-json\/wp\/v2\/pages\/1571\/revisions"}],"predecessor-version":[{"id":1854,"href":"https:\/\/clinicapsicologicacucuta.com\/index.php\/wp-json\/wp\/v2\/pages\/1571\/revisions\/1854"}],"wp:attachment":[{"href":"https:\/\/clinicapsicologicacucuta.com\/index.php\/wp-json\/wp\/v2\/media?parent=1571"}],"curies":[{"name":"wp","href":"https:\/\/api.w.org\/{rel}","templated":true}]}}